{"id":191,"date":"2025-10-31T11:52:28","date_gmt":"2025-10-31T11:52:28","guid":{"rendered":"https:\/\/sigmacrm.eu\/blog\/?page_id=191"},"modified":"2025-10-31T15:06:19","modified_gmt":"2025-10-31T15:06:19","slug":"resources","status":"publish","type":"page","link":"https:\/\/sigmacrm.eu\/blog\/","title":{"rendered":"Resources"},"content":{"rendered":"\n<div class=\"wp-block-group alignfull is-style-section-5 has-custom-sigma-crm-blue-background-color has-background has-global-padding is-layout-constrained wp-block-group-is-layout-constrained is-style-section-5--1\" style=\"margin-top:0;margin-bottom:0;padding-top:var(--wp--preset--spacing--50);padding-bottom:var(--wp--preset--spacing--50)\">\n<div class=\"wp-block-columns alignwide is-layout-flex wp-container-core-columns-is-layout-7ee84d44 wp-block-columns-is-layout-flex\">\n<div class=\"wp-block-column is-vertically-aligned-center is-layout-flow wp-container-core-column-is-layout-119bc444 wp-block-column-is-layout-flow\" style=\"flex-basis:55%\">\n<div class=\"wp-block-group has-global-padding is-layout-constrained wp-container-core-group-is-layout-f32f946e wp-block-group-is-layout-constrained\" style=\"margin-top:0;margin-bottom:0;padding-right:var(--wp--preset--spacing--20);padding-left:var(--wp--preset--spacing--20)\">\n<h1 class=\"wp-block-heading has-text-align-center has-xx-large-font-size\"><a href=\"https:\/\/sigmacrm.eu\/blog\/ismerd-meg-a-sigmacrm-et\/\" data-type=\"post\" data-id=\"75\">Ismerd meg a SigmaCRM-et<\/a><\/h1>\n\n\n\n<h3 class=\"wp-block-heading has-text-align-center has-large-font-size\">Egyszer\u0171bb kapcsolatkezel\u00e9s. Hat\u00e9konyabb marketing. T\u00f6bb visszat\u00e9r\u0151 \u00fcgyf\u00e9l.<\/h3>\n<\/div>\n\n\n\n<div class=\"wp-block-group is-content-justification-center is-nowrap is-layout-flex wp-container-core-group-is-layout-23441af8 wp-block-group-is-layout-flex\">\n<div class=\"wp-block-buttons is-layout-flex wp-block-buttons-is-layout-flex\">\n<div class=\"wp-block-button\"><a class=\"wp-block-button__link wp-element-button\" href=\"https:\/\/sigmacrm.eu\/blog\/ismerd-meg-a-sigmacrm-et\/\">Megtekint\u00e9s<\/a><\/div>\n\n\n\n<div class=\"wp-block-button\"><a class=\"wp-block-button__link wp-element-button\" href=\"https:\/\/sigmacrm.eu\/blog\/wp-content\/uploads\/2025\/10\/SigmaCRM-Bemutatkozo-Brosura.pdf\">Let\u00f6lt\u00e9s<\/a><\/div>\n<\/div>\n<\/div>\n<\/div>\n\n\n\n<div class=\"wp-block-column is-vertically-aligned-center is-layout-flow wp-block-column-is-layout-flow\" style=\"flex-basis:50%\">\n<figure class=\"wp-block-image size-full has-custom-border is-style-default\" style=\"margin-right:0;margin-left:0\"><a href=\"https:\/\/sigmacrm.eu\/blog\/ismerd-meg-a-sigmacrm-et\/\"><img fetchpriority=\"high\" decoding=\"async\" width=\"1571\" height=\"1111\" src=\"https:\/\/sigmacrm.eu\/blog\/wp-content\/uploads\/2025\/10\/SigmaCRM-Bemutatkozo-Brosura-2.gif\" alt=\"\" class=\"wp-image-173\" style=\"border-width:2px;aspect-ratio:4\/3;object-fit:cover\"\/><\/a><\/figure>\n<\/div>\n<\/div>\n<\/div>\n\n\n\n<h2 class=\"wp-block-heading has-text-align-center\" style=\"margin-top:var(--wp--preset--spacing--70);margin-bottom:var(--wp--preset--spacing--70)\">T\u00f6bb tartalom \u00e9rkezik hamarosan&#8230;<\/h2>\n\n\n\n<hr class=\"wp-block-separator has-alpha-channel-opacity\"\/>\n\n\n\n<div class=\"wp-block-group alignfull has-global-padding is-layout-constrained wp-container-core-group-is-layout-68124974 wp-block-group-is-layout-constrained\">\n<div class=\"wp-block-columns are-vertically-aligned-center is-layout-flex wp-container-core-columns-is-layout-13ee48e3 wp-block-columns-is-layout-flex\" style=\"margin-top:var(--wp--preset--spacing--40)\">\n<div class=\"wp-block-column is-vertically-aligned-center is-layout-flow wp-block-column-is-layout-flow\">\n<h2 class=\"wp-block-heading has-text-align-center has-x-large-font-size\">Kezdd el haszn\u00e1lni a SigmaCRM-et ma!<\/h2>\n\n\n\n<p class=\"has-text-align-center\" style=\"font-style:normal;font-weight:400\">K\u00e9rj bemutat\u00f3t, \u00e9s der\u00edtsd ki, hogyan seg\u00edthet a SigmaCRM a te v\u00e1llalkoz\u00e1sodnak.<\/p>\n\n\n\n<div class=\"wp-block-buttons is-content-justification-center is-layout-flex wp-container-core-buttons-is-layout-a89b3969 wp-block-buttons-is-layout-flex\">\n<div class=\"wp-block-button\"><a class=\"wp-block-button__link wp-element-button\" href=\"https:\/\/sigmacrm.eu\/pricing\">V\u00e1s\u00e1rolj most<\/a><\/div>\n<\/div>\n<\/div>\n\n\n\n<div class=\"wp-block-column is-vertically-aligned-center is-layout-flow wp-block-column-is-layout-flow\" style=\"padding-top:0\">\n<figure class=\"wp-block-image aligncenter size-full\"><img decoding=\"async\" width=\"512\" height=\"256\" src=\"https:\/\/sigmacrm.eu\/blog\/wp-content\/uploads\/2025\/10\/logo_full.webp\" alt=\"\" class=\"wp-image-42\" srcset=\"https:\/\/sigmacrm.eu\/blog\/wp-content\/uploads\/2025\/10\/logo_full.webp 512w, https:\/\/sigmacrm.eu\/blog\/wp-content\/uploads\/2025\/10\/logo_full-300x150.webp 300w\" sizes=\"(max-width: 512px) 100vw, 512px\" \/><\/figure>\n<\/div>\n<\/div>\n<\/div>\n","protected":false},"excerpt":{"rendered":"<p>Ismerd meg a SigmaCRM-et Egyszer\u0171bb kapcsolatkezel\u00e9s. Hat\u00e9konyabb marketing. T\u00f6bb visszat\u00e9r\u0151 \u00fcgyf\u00e9l. T\u00f6bb tartalom \u00e9rkezik hamarosan&#8230;<\/p>\n","protected":false},"author":1,"featured_media":0,"parent":0,"menu_order":0,"comment_status":"closed","ping_status":"closed","template":"","meta":{"footnotes":""},"class_list":["post-191","page","type-page","status-publish","hentry"],"_links":{"self":[{"href":"https:\/\/sigmacrm.eu\/blog\/wp-json\/wp\/v2\/pages\/191","targetHints":{"allow":["GET"]}}],"collection":[{"href":"https:\/\/sigmacrm.eu\/blog\/wp-json\/wp\/v2\/pages"}],"about":[{"href":"https:\/\/sigmacrm.eu\/blog\/wp-json\/wp\/v2\/types\/page"}],"author":[{"embeddable":true,"href":"https:\/\/sigmacrm.eu\/blog\/wp-json\/wp\/v2\/users\/1"}],"replies":[{"embeddable":true,"href":"https:\/\/sigmacrm.eu\/blog\/wp-json\/wp\/v2\/comments?post=191"}],"version-history":[{"count":40,"href":"https:\/\/sigmacrm.eu\/blog\/wp-json\/wp\/v2\/pages\/191\/revisions"}],"predecessor-version":[{"id":445,"href":"https:\/\/sigmacrm.eu\/blog\/wp-json\/wp\/v2\/pages\/191\/revisions\/445"}],"wp:attachment":[{"href":"https:\/\/sigmacrm.eu\/blog\/wp-json\/wp\/v2\/media?parent=191"}],"curies":[{"name":"wp","href":"https:\/\/api.w.org\/{rel}","templated":true}]}}